{"id":60,"date":"2020-09-16T05:16:57","date_gmt":"2020-09-16T05:16:57","guid":{"rendered":"http:\/\/tcd.digital\/?page_id=60"},"modified":"2023-01-05T07:19:09","modified_gmt":"2023-01-05T07:19:09","slug":"contact-us","status":"publish","type":"page","link":"https:\/\/tcd.digital\/?page_id=60","title":{"rendered":"Contacto"},"content":{"rendered":"\n<div class=\"wp-block-cover alignfull is-light\" style=\"min-height:450px;aspect-ratio:unset;\"><span aria-hidden=\"true\" class=\"wp-block-cover__background has-ast-global-color-1-background-color has-background-dim\"><\/span><img loading=\"lazy\" decoding=\"async\" width=\"1182\" height=\"1182\" class=\"wp-block-cover__image-background wp-image-2137\" alt=\"\" src=\"http:\/\/tcd.digital\/wp-content\/uploads\/2022\/08\/LOGO-IMPRESORA-AMIGA-05.png\" style=\"object-position:83% 64%\" data-object-fit=\"cover\" data-object-position=\"83% 64%\" srcset=\"https:\/\/tcd.digital\/wp-content\/uploads\/2022\/08\/LOGO-IMPRESORA-AMIGA-05.png 1182w, https:\/\/tcd.digital\/wp-content\/uploads\/2022\/08\/LOGO-IMPRESORA-AMIGA-05-300x300.png 300w, https:\/\/tcd.digital\/wp-content\/uploads\/2022\/08\/LOGO-IMPRESORA-AMIGA-05-1024x1024.png 1024w, https:\/\/tcd.digital\/wp-content\/uploads\/2022\/08\/LOGO-IMPRESORA-AMIGA-05-150x150.png 150w, https:\/\/tcd.digital\/wp-content\/uploads\/2022\/08\/LOGO-IMPRESORA-AMIGA-05-768x768.png 768w, https:\/\/tcd.digital\/wp-content\/uploads\/2022\/08\/LOGO-IMPRESORA-AMIGA-05-600x600.png 600w, https:\/\/tcd.digital\/wp-content\/uploads\/2022\/08\/LOGO-IMPRESORA-AMIGA-05-100x100.png 100w\" sizes=\"auto, (max-width: 1182px) 100vw, 1182px\" \/><div class=\"wp-block-cover__inner-container is-layout-flow wp-block-cover-is-layout-flow\">\n<p><\/p>\n\n\n\n<h1 class=\"has-text-align-center has-text-color wp-block-heading\" style=\"color:#ffffff\">Cont\u00e1ctanos<\/h1>\n<\/div><\/div>\n\n\n\n<div class=\"wp-block-group alignfull has-ast-global-color-5-background-color has-background is-layout-flow wp-block-group-is-layout-flow\"><div class=\"wp-block-group__inner-container\">\n<div class=\"wp-block-columns are-vertically-aligned-center is-layout-flex wp-container-core-columns-is-layout-1 wp-block-columns-is-layout-flex\">\n<div class=\"wp-block-column is-vertically-aligned-center is-layout-flow wp-block-column-is-layout-flow\">\n<div class=\"wp-block-group alignfull has-ast-global-color-4-background-color has-background is-layout-flow wp-block-group-is-layout-flow\"><div class=\"wp-block-group__inner-container\">\n<h2 class=\"wp-block-heading\">\u00bfNecesitas ayuda?<br>Ll\u00e1manos.<\/h2>\n\n\n\n<h2 class=\"has-ast-global-color-0-color has-text-color wp-block-heading\">4442119765<\/h2>\n<\/div><\/div>\n<\/div>\n\n\n\n<div class=\"wp-block-column is-vertically-aligned-center is-layout-flow wp-block-column-is-layout-flow\">\n<h4 class=\"wp-block-heading\">\u00bfDUDAS, INQUIETUDES, COMENTARIOS? <br>CU\u00c9NTANOS. TE ESCUCHAMOS<\/h4>\n\n\n\n<p>Email: ventas@tcd.digital<\/p>\n\n\n\n<p>V\u00eda telef\u00f3nica: 4442119765<br>Atenci\u00f3n de lunes a viernes de \u2013 8:30 am a 5:00 pm<br>S\u00e1bados \u2013 9:00 am a 2:00 pm<\/p>\n<\/div>\n<\/div>\n<\/div><\/div>\n\n\n\n<div class=\"wp-block-group alignfull has-ast-global-color-5-background-color has-background is-layout-flow wp-block-group-is-layout-flow\"><div class=\"wp-block-group__inner-container\">\n<div class=\"wp-block-group has-ast-global-color-4-background-color has-background is-layout-flow wp-block-group-is-layout-flow\"><div class=\"wp-block-group__inner-container\"><\/div><\/div>\n<\/div><\/div>\n","protected":false},"excerpt":{"rendered":"<p>\u00bfNecesitas ayuda?Ll\u00e1manos. 4442119765 \u00bfDUDAS, INQUIETUDES, COMENTARIOS? CU\u00c9NTANOS. TE ESCUCHAMOS Email: ventas@tcd.digital V\u00eda telef\u00f3nica: 4442119765Atenci\u00f3n de lunes a viernes de \u2013 8:30 am a 5:00 pmS\u00e1bados \u2013 9:00 am a 2:00 pm<\/p>\n","protected":false},"author":1,"featured_media":0,"parent":0,"menu_order":0,"comment_status":"closed","ping_status":"closed","template":"","meta":{"om_disable_all_campaigns":false,"_mi_skip_tracking":false,"site-sidebar-layout":"no-sidebar","site-content-layout":"plain-container","ast-global-header-display":"","ast-main-header-display":"","ast-hfb-above-header-display":"","ast-hfb-below-header-display":"","ast-hfb-mobile-header-display":"","site-post-title":"disabled","ast-breadcrumbs-content":"","ast-featured-img":"","footer-sml-layout":"","theme-transparent-header-meta":"enabled","adv-header-id-meta":"","stick-header-meta":"","header-above-stick-meta":"","header-main-stick-meta":"","header-below-stick-meta":"","footnotes":""},"class_list":["post-60","page","type-page","status-publish","hentry"],"aioseo_notices":[],"_links":{"self":[{"href":"https:\/\/tcd.digital\/index.php?rest_route=\/wp\/v2\/pages\/60","targetHints":{"allow":["GET"]}}],"collection":[{"href":"https:\/\/tcd.digital\/index.php?rest_route=\/wp\/v2\/pages"}],"about":[{"href":"https:\/\/tcd.digital\/index.php?rest_route=\/wp\/v2\/types\/page"}],"author":[{"embeddable":true,"href":"https:\/\/tcd.digital\/index.php?rest_route=\/wp\/v2\/users\/1"}],"replies":[{"embeddable":true,"href":"https:\/\/tcd.digital\/index.php?rest_route=%2Fwp%2Fv2%2Fcomments&post=60"}],"version-history":[{"count":4,"href":"https:\/\/tcd.digital\/index.php?rest_route=\/wp\/v2\/pages\/60\/revisions"}],"predecessor-version":[{"id":2729,"href":"https:\/\/tcd.digital\/index.php?rest_route=\/wp\/v2\/pages\/60\/revisions\/2729"}],"wp:attachment":[{"href":"https:\/\/tcd.digital\/index.php?rest_route=%2Fwp%2Fv2%2Fmedia&parent=60"}],"curies":[{"name":"wp","href":"https:\/\/api.w.org\/{rel}","templated":true}]}}