{"id":1723,"date":"2023-01-01T00:00:00","date_gmt":"2023-01-01T00:00:00","guid":{"rendered":"https:\/\/tcd.digital\/?product=product-247"},"modified":"2023-02-17T00:39:45","modified_gmt":"2023-02-17T00:39:45","slug":"product-247","status":"publish","type":"product","link":"https:\/\/tcd.digital\/?product=product-247","title":{"rendered":"Xerox Versant 80 B\u00e1sica"},"content":{"rendered":"<h4>Simplifique. Automatice.<\/h4>\n<p>Con una sola prensa digital sencilla, precisa y automatizada, estar\u00e1 realizando una inversi\u00f3n de futuro para mejorar el rendimiento, la calidad, la versatilidad y los resultados.<\/p>\n<p>Versant 80 imprime m\u00e1s r\u00e1pidamente (80 ppm) e incorpora la innovadora tecnolog\u00eda de Xerox con m\u00e1s funciones de serie, una potente<br \/>\nopci\u00f3n de mejora del rendimiento y flujos de trabajo orientados a la eficiencia para que los trabajos se ejecuten sin interrupciones con un menor desperdicio de tiempo y de materiales.<\/p>\n<p>Adem\u00e1s, no solo imprime m\u00e1s r\u00e1pidamente y en m\u00e1s tipos de materiales. Con nuestra resoluci\u00f3n Ultra HD, proporciona tambi\u00e9n un nivel de calidad superior nunca antes imaginable en una prensa digital. Adem\u00e1s, permite reducir el n\u00famero de operaciones manuales e incorpora las tecnolog\u00edas m\u00e1s avanzadas, fruto de los avances t\u00e9cnicos y de la innovaci\u00f3n y la excelencia de Xerox.<\/p>\n<div><img loading=\"lazy\" decoding=\"async\" class=\"aligncenter size-large wp-image-2875\" src=\"http:\/\/tcd.digital\/wp-content\/uploads\/2022\/08\/COTIZACION-VERSANT-80-BASICA-793x1024.jpg\" alt=\"\" width=\"793\" height=\"1024\" srcset=\"https:\/\/tcd.digital\/wp-content\/uploads\/2022\/08\/COTIZACION-VERSANT-80-BASICA-793x1024.jpg 793w, https:\/\/tcd.digital\/wp-content\/uploads\/2022\/08\/COTIZACION-VERSANT-80-BASICA-232x300.jpg 232w, https:\/\/tcd.digital\/wp-content\/uploads\/2022\/08\/COTIZACION-VERSANT-80-BASICA-768x992.jpg 768w, https:\/\/tcd.digital\/wp-content\/uploads\/2022\/08\/COTIZACION-VERSANT-80-BASICA-600x775.jpg 600w, https:\/\/tcd.digital\/wp-content\/uploads\/2022\/08\/COTIZACION-VERSANT-80-BASICA.jpg 851w\" sizes=\"auto, (max-width: 793px) 100vw, 793px\" \/> <img loading=\"lazy\" decoding=\"async\" class=\"aligncenter size-large wp-image-2871\" src=\"http:\/\/tcd.digital\/wp-content\/uploads\/2022\/08\/TCO-XEROX-VERSANT-80-1024x791.jpg\" alt=\"\" width=\"1024\" height=\"791\" srcset=\"https:\/\/tcd.digital\/wp-content\/uploads\/2022\/08\/TCO-XEROX-VERSANT-80-1024x791.jpg 1024w, https:\/\/tcd.digital\/wp-content\/uploads\/2022\/08\/TCO-XEROX-VERSANT-80-300x232.jpg 300w, https:\/\/tcd.digital\/wp-content\/uploads\/2022\/08\/TCO-XEROX-VERSANT-80-768x593.jpg 768w, https:\/\/tcd.digital\/wp-content\/uploads\/2022\/08\/TCO-XEROX-VERSANT-80-1536x1187.jpg 1536w, https:\/\/tcd.digital\/wp-content\/uploads\/2022\/08\/TCO-XEROX-VERSANT-80-2048x1582.jpg 2048w, https:\/\/tcd.digital\/wp-content\/uploads\/2022\/08\/TCO-XEROX-VERSANT-80-1320x1020.jpg 1320w, https:\/\/tcd.digital\/wp-content\/uploads\/2022\/08\/TCO-XEROX-VERSANT-80-600x464.jpg 600w\" sizes=\"auto, (max-width: 1024px) 100vw, 1024px\" \/><\/div>\n<h5 style=\"text-align: center;\"><a href=\"http:\/\/tcd.digital\/wp-content\/uploads\/2023\/02\/FOLLETO-VERSANT-80.pdf\" target=\"_blank\" rel=\"noopener\">FOLLETO<\/a><\/h5>\n","protected":false},"excerpt":{"rendered":"<h4>Simplifique. Automatice.<\/h4>\n<p>Con una sola prensa digital sencilla, precisa y automatizada, estar\u00e1 realizando una inversi\u00f3n de futuro para mejorar el rendimiento, la calidad, la versatilidad y los resultados.<\/p>\n<p>Versant 80 imprime m\u00e1s r\u00e1pidamente (80 ppm) e incorpora la innovadora tecnolog\u00eda de Xerox con m\u00e1s funciones de serie, una potente<br \/>\nopci\u00f3n de mejora del rendimiento y flujos de trabajo orientados a la eficiencia para que los trabajos se ejecuten sin interrupciones con un menor desperdicio de tiempo y de materiales.<\/p>\n<p>Adem\u00e1s, no solo imprime m\u00e1s r\u00e1pidamente y en m\u00e1s tipos de materiales. Con nuestra resoluci\u00f3n Ultra HD, proporciona tambi\u00e9n un nivel de calidad superior nunca antes imaginable en una prensa digital. Adem\u00e1s, permite reducir el n\u00famero de operaciones manuales e incorpora las tecnolog\u00edas m\u00e1s avanzadas, fruto de los avances t\u00e9cnicos y de la innovaci\u00f3n y la excelencia de Xerox.<\/p>\n<p>&nbsp;<\/p>\n","protected":false},"featured_media":2040,"template":"","meta":{"om_disable_all_campaigns":false,"_mi_skip_tracking":false,"site-sidebar-layout":"default","site-content-layout":"default","ast-global-header-display":"","ast-main-header-display":"","ast-hfb-above-header-display":"","ast-hfb-below-header-display":"","ast-hfb-mobile-header-display":"","site-post-title":"","ast-breadcrumbs-content":"","ast-featured-img":"","footer-sml-layout":"","theme-transparent-header-meta":"default","adv-header-id-meta":"","stick-header-meta":"","header-above-stick-meta":"","header-main-stick-meta":"","header-below-stick-meta":""},"product_cat":[103,101,96,95,116],"product_tag":[],"class_list":{"0":"post-1723","1":"product","2":"type-product","3":"status-publish","4":"has-post-thumbnail","6":"product_cat-alta-produccion","7":"product_cat-escaner","8":"product_cat-impresora","9":"product_cat-multifuncional","10":"product_cat-impresion-hasta-13x19","12":"first","13":"instock","14":"shipping-taxable","15":"purchasable","16":"product-type-simple"},"aioseo_notices":[],"_links":{"self":[{"href":"https:\/\/tcd.digital\/index.php?rest_route=\/wp\/v2\/product\/1723","targetHints":{"allow":["GET"]}}],"collection":[{"href":"https:\/\/tcd.digital\/index.php?rest_route=\/wp\/v2\/product"}],"about":[{"href":"https:\/\/tcd.digital\/index.php?rest_route=\/wp\/v2\/types\/product"}],"wp:featuredmedia":[{"embeddable":true,"href":"https:\/\/tcd.digital\/index.php?rest_route=\/wp\/v2\/media\/2040"}],"wp:attachment":[{"href":"https:\/\/tcd.digital\/index.php?rest_route=%2Fwp%2Fv2%2Fmedia&parent=1723"}],"wp:term":[{"taxonomy":"product_cat","embeddable":true,"href":"https:\/\/tcd.digital\/index.php?rest_route=%2Fwp%2Fv2%2Fproduct_cat&post=1723"},{"taxonomy":"product_tag","embeddable":true,"href":"https:\/\/tcd.digital\/index.php?rest_route=%2Fwp%2Fv2%2Fproduct_tag&post=1723"}],"curies":[{"name":"wp","href":"https:\/\/api.w.org\/{rel}","templated":true}]}}