{"id":2015,"date":"2023-01-01T00:00:42","date_gmt":"2023-01-01T00:00:42","guid":{"rendered":"https:\/\/tcd.digital\/?post_type=product&#038;p=2015"},"modified":"2024-10-24T17:51:34","modified_gmt":"2024-10-24T17:51:34","slug":"xerox-color-c70-enganche-45500","status":"publish","type":"product","link":"https:\/\/tcd.digital\/?product=xerox-color-c70-enganche-45500","title":{"rendered":"Xerox Color C70 Financiamiento a 36 meses Enganche $55,500"},"content":{"rendered":"<p>La impresora color Xerox\u00ae C70 proporciona diversidad de aplicaciones y calidad de imagen profesional, y es lo suficientemente flexible como para crecer junto con su negocio. Es una soluci\u00f3n integral que puede aumentar la producci\u00f3n de cualquier entorno de trabajo.<\/p>\n<p>Tipos de papel:<\/p>\n<ul>\n<li>De 75 a 300 gr.<\/li>\n<li>Bond, adhesivo, Acetato, Texturizado, Vinil Blanco y Transparente, Sulfatada 14 pt. Autosecante entre muchos mas&#8230;<\/li>\n<\/ul>\n<p>Conexi\u00f3n<img loading=\"lazy\" decoding=\"async\" class=\"aligncenter size-large wp-image-3163\" src=\"http:\/\/tcd.digital\/wp-content\/uploads\/2023\/01\/TCO-XEROX-ORIGINAL-C70-COV-80.pdf-1024x791.jpg\" alt=\"\" width=\"1024\" height=\"791\" srcset=\"https:\/\/tcd.digital\/wp-content\/uploads\/2023\/01\/TCO-XEROX-ORIGINAL-C70-COV-80.pdf-1024x791.jpg 1024w, https:\/\/tcd.digital\/wp-content\/uploads\/2023\/01\/TCO-XEROX-ORIGINAL-C70-COV-80.pdf-300x232.jpg 300w, https:\/\/tcd.digital\/wp-content\/uploads\/2023\/01\/TCO-XEROX-ORIGINAL-C70-COV-80.pdf-768x593.jpg 768w, https:\/\/tcd.digital\/wp-content\/uploads\/2023\/01\/TCO-XEROX-ORIGINAL-C70-COV-80.pdf-600x463.jpg 600w, https:\/\/tcd.digital\/wp-content\/uploads\/2023\/01\/TCO-XEROX-ORIGINAL-C70-COV-80.pdf.jpg 1173w\" sizes=\"auto, (max-width: 1024px) 100vw, 1024px\" \/> <img loading=\"lazy\" decoding=\"async\" class=\"aligncenter size-large wp-image-3162\" src=\"http:\/\/tcd.digital\/wp-content\/uploads\/2023\/01\/TCO-COMPATIBLE-C70-COV-80-I.pdf-1024x791.jpg\" alt=\"\" width=\"1024\" height=\"791\" srcset=\"https:\/\/tcd.digital\/wp-content\/uploads\/2023\/01\/TCO-COMPATIBLE-C70-COV-80-I.pdf-1024x791.jpg 1024w, https:\/\/tcd.digital\/wp-content\/uploads\/2023\/01\/TCO-COMPATIBLE-C70-COV-80-I.pdf-300x232.jpg 300w, https:\/\/tcd.digital\/wp-content\/uploads\/2023\/01\/TCO-COMPATIBLE-C70-COV-80-I.pdf-768x593.jpg 768w, https:\/\/tcd.digital\/wp-content\/uploads\/2023\/01\/TCO-COMPATIBLE-C70-COV-80-I.pdf-600x463.jpg 600w, https:\/\/tcd.digital\/wp-content\/uploads\/2023\/01\/TCO-COMPATIBLE-C70-COV-80-I.pdf.jpg 1173w\" sizes=\"auto, (max-width: 1024px) 100vw, 1024px\" \/>: Red y USB<\/p>\n<p>Tama\u00f1o M\u00e1ximo de Impresi\u00f3n : 13*19 (Mega Tabloide)<\/p>\n<p><a href=\"http:\/\/tcd.digital\/wp-content\/uploads\/2022\/08\/FOLLETO-PDF-C70.pdf\">FOLLETO PDF C70<\/a><\/p>\n<div><\/div>\n<p><img loading=\"lazy\" decoding=\"async\" class=\"aligncenter wp-image-2830 size-large\" src=\"http:\/\/tcd.digital\/wp-content\/uploads\/2022\/08\/COT-C70-55.5K-ENG-CRED-36M-793x1024.jpg\" alt=\"\" width=\"793\" height=\"1024\" srcset=\"https:\/\/tcd.digital\/wp-content\/uploads\/2022\/08\/COT-C70-55.5K-ENG-CRED-36M-793x1024.jpg 793w, https:\/\/tcd.digital\/wp-content\/uploads\/2022\/08\/COT-C70-55.5K-ENG-CRED-36M-232x300.jpg 232w, https:\/\/tcd.digital\/wp-content\/uploads\/2022\/08\/COT-C70-55.5K-ENG-CRED-36M-768x992.jpg 768w, https:\/\/tcd.digital\/wp-content\/uploads\/2022\/08\/COT-C70-55.5K-ENG-CRED-36M-600x775.jpg 600w, https:\/\/tcd.digital\/wp-content\/uploads\/2022\/08\/COT-C70-55.5K-ENG-CRED-36M.jpg 851w\" sizes=\"auto, (max-width: 793px) 100vw, 793px\" \/><\/p>\n<div><\/div>\n","protected":false},"excerpt":{"rendered":"<p style=\"text-align: left;\">La impresora color Xerox\u00ae C70 proporciona diversidad de aplicaciones y calidad de imagen profesional, y es lo suficientemente flexible como para crecer junto con su negocio. Es una soluci\u00f3n integral que puede aumentar la producci\u00f3n de cualquier entorno de trabajo.<\/p>\n<p>Velocidad hasta de 60\/70 ppm, y 65\/75 ppm a blanco y negro<\/p>\n<p>Resolucion: 2400*2400 PPP (Puntos por Pulgadas reales)<\/p>\n<p>Tama\u00f1os de impresion<\/p>\n<ul>\n<li>Carta<\/li>\n<li>Doble Carta<\/li>\n<li>Oficio<\/li>\n<li>11*17 (Tabloide)<\/li>\n<li>12*18 (Extra Tabloide)<\/li>\n<li>13*19 (Mega Tabloide)<\/li>\n<\/ul>\n<p>&nbsp;<\/p>\n","protected":false},"featured_media":2156,"template":"","meta":{"om_disable_all_campaigns":false,"_mi_skip_tracking":false,"site-sidebar-layout":"default","site-content-layout":"default","ast-global-header-display":"","ast-main-header-display":"","ast-hfb-above-header-display":"","ast-hfb-below-header-display":"","ast-hfb-mobile-header-display":"","site-post-title":"","ast-breadcrumbs-content":"","ast-featured-img":"","footer-sml-layout":"","theme-transparent-header-meta":"default","adv-header-id-meta":"","stick-header-meta":"","header-above-stick-meta":"","header-main-stick-meta":"","header-below-stick-meta":""},"product_cat":[103,101,96,95,116],"product_tag":[],"class_list":{"0":"post-2015","1":"product","2":"type-product","3":"status-publish","4":"has-post-thumbnail","6":"product_cat-alta-produccion","7":"product_cat-escaner","8":"product_cat-impresora","9":"product_cat-multifuncional","10":"product_cat-impresion-hasta-13x19","12":"first","13":"instock","14":"shipping-taxable","15":"purchasable","16":"product-type-simple"},"aioseo_notices":[],"_links":{"self":[{"href":"https:\/\/tcd.digital\/index.php?rest_route=\/wp\/v2\/product\/2015","targetHints":{"allow":["GET"]}}],"collection":[{"href":"https:\/\/tcd.digital\/index.php?rest_route=\/wp\/v2\/product"}],"about":[{"href":"https:\/\/tcd.digital\/index.php?rest_route=\/wp\/v2\/types\/product"}],"wp:featuredmedia":[{"embeddable":true,"href":"https:\/\/tcd.digital\/index.php?rest_route=\/wp\/v2\/media\/2156"}],"wp:attachment":[{"href":"https:\/\/tcd.digital\/index.php?rest_route=%2Fwp%2Fv2%2Fmedia&parent=2015"}],"wp:term":[{"taxonomy":"product_cat","embeddable":true,"href":"https:\/\/tcd.digital\/index.php?rest_route=%2Fwp%2Fv2%2Fproduct_cat&post=2015"},{"taxonomy":"product_tag","embeddable":true,"href":"https:\/\/tcd.digital\/index.php?rest_route=%2Fwp%2Fv2%2Fproduct_tag&post=2015"}],"curies":[{"name":"wp","href":"https:\/\/api.w.org\/{rel}","templated":true}]}}