{"id":2177,"date":"2023-01-01T00:20:47","date_gmt":"2023-01-01T00:20:47","guid":{"rendered":"https:\/\/tcd.digital\/?post_type=product&#038;p=2177"},"modified":"2024-10-18T23:42:12","modified_gmt":"2024-10-18T23:42:12","slug":"multifuncional-xerox-wc-7855-financiamiento","status":"publish","type":"product","link":"https:\/\/tcd.digital\/?product=multifuncional-xerox-wc-7855-financiamiento","title":{"rendered":"Multifuncional Xerox WC 7855 Financiamiento"},"content":{"rendered":"<p><span dir=\"ltr\" role=\"presentation\"><span style=\"vertical-align: inherit;\"><span style=\"vertical-align: inherit;\">La adorada impresora multifunci\u00f3n WorkCentre serie 7800 es la ideal para ti, quien busca lo pr\u00e1ctico y efectivo con la mejor calidad que nos ofrece el <\/span><\/span><\/span><span dir=\"ltr\" role=\"presentation\"><span style=\"vertical-align: inherit;\"><span style=\"vertical-align: inherit;\">Controlador <\/span><\/span><\/span><span style=\"vertical-align: inherit;\"><span dir=\"ltr\" role=\"presentation\"><span style=\"vertical-align: inherit;\">Xerox\u00ae ConnectKey\u2122 <\/span><\/span><\/span><span dir=\"ltr\" role=\"presentation\"><span style=\"vertical-align: inherit;\"><span style=\"vertical-align: inherit;\">. <\/span><\/span><\/span> <span dir=\"ltr\" role=\"presentation\"><span style=\"vertical-align: inherit;\"><span style=\"vertical-align: inherit;\">Estos sistemas de implementaci\u00f3n simple te dan<\/span><\/span><\/span><span dir=\"ltr\" role=\"presentation\"><span style=\"vertical-align: inherit;\"><span style=\"vertical-align: inherit;\"> soluciones reales, que agilizan con facilidad la forma en que <\/span><\/span><\/span><span dir=\"ltr\" role=\"presentation\"><span style=\"vertical-align: inherit;\"><span style=\"vertical-align: inherit;\">te comunicas, procesas y compartes informaci\u00f3n importante ya que te simplifican las tareas.<\/span><\/span><\/span><\/p>\n<p><span style=\"vertical-align: inherit;\">Cuenta con una resoluci\u00f3n de Copiado e Impresi\u00f3n <\/span><span dir=\"ltr\" role=\"presentation\"><span style=\"vertical-align: inherit;\">Hasta 1200 x 2400 dpi de calidad de imagen en la producci\u00f3n de impresiones y copias Ideal para hacer lucir todas sus fotograf\u00edas y gr\u00e1ficas.<\/span><\/span><\/p>\n<p>Con el 100% de consumibles incluidos.<\/p>\n<p><span style=\"vertical-align: inherit;\"><span style=\"vertical-align: inherit;\">Velocidad: 55 ppm Color\/ D\u00faplex con Cabezal de 1 sola pasada<\/span><\/span><\/p>\n<p><span style=\"vertical-align: inherit;\"><span style=\"vertical-align: inherit;\">Tipos de Papel:<\/span><\/span><\/p>\n<ul>\n<li><span style=\"vertical-align: inherit;\"><span style=\"vertical-align: inherit;\">De 75 a 250 Gr.<\/span><\/span><\/li>\n<li><span style=\"vertical-align: inherit;\"><span style=\"vertical-align: inherit;\">Bond, Adhesivo, Acetato, Etiqueta, Couche, Vinil Blanco, Vinil Transparente<\/span><\/span><\/li>\n<li><span style=\"vertical-align: inherit;\"><span style=\"vertical-align: inherit;\">Tamo de Impresi\u00f3n M\u00e1ximo : 12.5*19<\/span><\/span><\/li>\n<\/ul>\n<p><a href=\"http:\/\/tcd.digital\/wp-content\/uploads\/2022\/08\/FOLLETO-2.pdf\" target=\"_blank\" rel=\"noopener\"><span style=\"vertical-align: inherit;\"><span style=\"vertical-align: inherit;\">FOLLETO<\/span><\/span><\/a><\/p>\n<p><img loading=\"lazy\" decoding=\"async\" class=\"aligncenter wp-image-3115 size-large\" src=\"http:\/\/tcd.digital\/wp-content\/uploads\/2023\/11\/COT-WC-7855-ENG-18K-36-M-792x1024.jpg\" alt=\"\" width=\"792\" height=\"1024\" srcset=\"https:\/\/tcd.digital\/wp-content\/uploads\/2023\/11\/COT-WC-7855-ENG-18K-36-M-792x1024.jpg 792w, https:\/\/tcd.digital\/wp-content\/uploads\/2023\/11\/COT-WC-7855-ENG-18K-36-M-232x300.jpg 232w, https:\/\/tcd.digital\/wp-content\/uploads\/2023\/11\/COT-WC-7855-ENG-18K-36-M-768x992.jpg 768w, https:\/\/tcd.digital\/wp-content\/uploads\/2023\/11\/COT-WC-7855-ENG-18K-36-M-1189x1536.jpg 1189w, https:\/\/tcd.digital\/wp-content\/uploads\/2023\/11\/COT-WC-7855-ENG-18K-36-M-1585x2048.jpg 1585w, https:\/\/tcd.digital\/wp-content\/uploads\/2023\/11\/COT-WC-7855-ENG-18K-36-M-1320x1706.jpg 1320w, https:\/\/tcd.digital\/wp-content\/uploads\/2023\/11\/COT-WC-7855-ENG-18K-36-M-600x775.jpg 600w, https:\/\/tcd.digital\/wp-content\/uploads\/2023\/11\/COT-WC-7855-ENG-18K-36-M-scaled.jpg 1981w\" sizes=\"auto, (max-width: 792px) 100vw, 792px\" \/> <img loading=\"lazy\" decoding=\"async\" class=\"aligncenter size-large wp-image-3153\" src=\"http:\/\/tcd.digital\/wp-content\/uploads\/2024\/10\/TCO-5-XEROX-WC-7855.pdf-1024x791.jpg\" alt=\"\" width=\"1024\" height=\"791\" srcset=\"https:\/\/tcd.digital\/wp-content\/uploads\/2024\/10\/TCO-5-XEROX-WC-7855.pdf-1024x791.jpg 1024w, https:\/\/tcd.digital\/wp-content\/uploads\/2024\/10\/TCO-5-XEROX-WC-7855.pdf-300x232.jpg 300w, https:\/\/tcd.digital\/wp-content\/uploads\/2024\/10\/TCO-5-XEROX-WC-7855.pdf-768x593.jpg 768w, https:\/\/tcd.digital\/wp-content\/uploads\/2024\/10\/TCO-5-XEROX-WC-7855.pdf-600x463.jpg 600w, https:\/\/tcd.digital\/wp-content\/uploads\/2024\/10\/TCO-5-XEROX-WC-7855.pdf.jpg 1173w\" sizes=\"auto, (max-width: 1024px) 100vw, 1024px\" \/> <img loading=\"lazy\" decoding=\"async\" class=\"aligncenter size-large wp-image-3152\" src=\"http:\/\/tcd.digital\/wp-content\/uploads\/2024\/10\/TCO-20-XEROX-WC-7855.pdf-1024x791.jpg\" alt=\"\" width=\"1024\" height=\"791\" srcset=\"https:\/\/tcd.digital\/wp-content\/uploads\/2024\/10\/TCO-20-XEROX-WC-7855.pdf-1024x791.jpg 1024w, https:\/\/tcd.digital\/wp-content\/uploads\/2024\/10\/TCO-20-XEROX-WC-7855.pdf-300x232.jpg 300w, https:\/\/tcd.digital\/wp-content\/uploads\/2024\/10\/TCO-20-XEROX-WC-7855.pdf-768x593.jpg 768w, https:\/\/tcd.digital\/wp-content\/uploads\/2024\/10\/TCO-20-XEROX-WC-7855.pdf-600x463.jpg 600w, https:\/\/tcd.digital\/wp-content\/uploads\/2024\/10\/TCO-20-XEROX-WC-7855.pdf.jpg 1173w\" sizes=\"auto, (max-width: 1024px) 100vw, 1024px\" \/><\/p>\n<p>&nbsp;<\/p>\n<p>&nbsp;<\/p>\n","protected":false},"excerpt":{"rendered":"<p><span dir=\"ltr\" role=\"presentation\"><span style=\"vertical-align: inherit;\">La adorada impresora multifunci\u00f3n WorkCentre serie 7800 es la ideal para ti, quien busca lo pr\u00e1ctico y efectivo con la mejor calidad que nos ofrece el <\/span><\/span><span dir=\"ltr\" role=\"presentation\"><span style=\"vertical-align: inherit;\">Controlador <\/span><\/span><span style=\"vertical-align: inherit;\"><span dir=\"ltr\" role=\"presentation\">Xerox\u00ae ConnectKey\u2122 <\/span><\/span><span dir=\"ltr\" role=\"presentation\"><span style=\"vertical-align: inherit;\">. <\/span><\/span> <span dir=\"ltr\" role=\"presentation\"><span style=\"vertical-align: inherit;\">Estos sistemas de implementaci\u00f3n simple te dan<\/span><\/span><span dir=\"ltr\" role=\"presentation\"><span style=\"vertical-align: inherit;\"> soluciones reales, que agilizan con facilidad la forma en que <\/span><\/span><span dir=\"ltr\" role=\"presentation\"><span style=\"vertical-align: inherit;\">te comunicas, procesas y compartes informaci\u00f3n importante ya que te simplifican las tareas.<\/span><\/span><\/p>\n<p><span style=\"vertical-align: inherit;\"><span style=\"vertical-align: inherit;\">De disco R\u00edgido \/ Procesador \/ Memoria <\/span><\/span><span dir=\"ltr\" role=\"presentation\"><span style=\"vertical-align: inherit;\"><span style=\"vertical-align: inherit;\">160 GB \/ 1.2 GHz Dual-Core \/ 2 GB de sistema m\u00e1s 1 GB de memoria de p\u00e1gina<\/span><\/span><\/span><\/p>\n<p><span style=\"vertical-align: inherit;\"><span style=\"vertical-align: inherit;\">Cuenta con una resoluci\u00f3n de Copiado e Impresi\u00f3n <\/span><\/span><span dir=\"ltr\" role=\"presentation\"><span style=\"vertical-align: inherit;\"><span style=\"vertical-align: inherit;\">Hasta 1200 x 2400 dpi de calidad de imagen en la producci\u00f3n de impresiones y copias Ideal para hacer lucir todas sus fotograf\u00edas y gr\u00e1ficas.\u00a0<\/span><\/span><\/span><\/p>\n","protected":false},"featured_media":2181,"template":"","meta":{"om_disable_all_campaigns":false,"_mi_skip_tracking":false,"site-sidebar-layout":"default","site-content-layout":"default","ast-global-header-display":"","ast-main-header-display":"","ast-hfb-above-header-display":"","ast-hfb-below-header-display":"","ast-hfb-mobile-header-display":"","site-post-title":"","ast-breadcrumbs-content":"","ast-featured-img":"","footer-sml-layout":"","theme-transparent-header-meta":"default","adv-header-id-meta":"","stick-header-meta":"","header-above-stick-meta":"","header-main-stick-meta":"","header-below-stick-meta":""},"product_cat":[104,101,110,96,95,102],"product_tag":[],"class_list":{"0":"post-2177","1":"product","2":"type-product","3":"status-publish","4":"has-post-thumbnail","6":"product_cat-color-volumen-medio","7":"product_cat-escaner","8":"product_cat-familia-wc78xx","9":"product_cat-impresora","10":"product_cat-multifuncional","11":"product_cat-impresion-hasta-12-519","13":"first","14":"instock","15":"shipping-taxable","16":"purchasable","17":"product-type-simple"},"aioseo_notices":[],"_links":{"self":[{"href":"https:\/\/tcd.digital\/index.php?rest_route=\/wp\/v2\/product\/2177","targetHints":{"allow":["GET"]}}],"collection":[{"href":"https:\/\/tcd.digital\/index.php?rest_route=\/wp\/v2\/product"}],"about":[{"href":"https:\/\/tcd.digital\/index.php?rest_route=\/wp\/v2\/types\/product"}],"wp:featuredmedia":[{"embeddable":true,"href":"https:\/\/tcd.digital\/index.php?rest_route=\/wp\/v2\/media\/2181"}],"wp:attachment":[{"href":"https:\/\/tcd.digital\/index.php?rest_route=%2Fwp%2Fv2%2Fmedia&parent=2177"}],"wp:term":[{"taxonomy":"product_cat","embeddable":true,"href":"https:\/\/tcd.digital\/index.php?rest_route=%2Fwp%2Fv2%2Fproduct_cat&post=2177"},{"taxonomy":"product_tag","embeddable":true,"href":"https:\/\/tcd.digital\/index.php?rest_route=%2Fwp%2Fv2%2Fproduct_tag&post=2177"}],"curies":[{"name":"wp","href":"https:\/\/api.w.org\/{rel}","templated":true}]}}