{"id":2216,"date":"2023-01-01T00:00:54","date_gmt":"2023-01-01T00:00:54","guid":{"rendered":"https:\/\/tcd.digital\/?post_type=product&#038;p=2216"},"modified":"2023-01-06T23:57:13","modified_gmt":"2023-01-06T23:57:13","slug":"xerox-color-560-contado-insumos-al-40","status":"publish","type":"product","link":"https:\/\/tcd.digital\/?product=xerox-color-560-contado-insumos-al-40","title":{"rendered":"Xerox Color 560 Contado Insumos al 40%"},"content":{"rendered":"<h4>Todo unido: productividad, escalabilidad y calidad de imagen profesional.<\/h4>\n<p>La impresora Xerox\u00ae Color 560 combina calidad de imagen, gesti\u00f3n del papel ampliable y acabado profesional con unos procesos de producci\u00f3n eficaces, seguros y flexibles, para proporcionar una soluci\u00f3n de impresi\u00f3n asequible para cualquier entorno. Impresi\u00f3n 13&#215;19 pulgadas. Ideal para artes Gr\u00e1ficas.<\/p>\n<p>Impresion\/Copia: 2400*2400 ppp<\/p>\n<p>Lineatura : 600, 300, 200 y 150 puntos agrupados, 200 lineas giradas<\/p>\n<p>Velocidad de Impresion: 60 ppm<\/p>\n<p>80 GB de Disco Duro, con 2 GB de memoria RAM<\/p>\n<p><a href=\"http:\/\/tcd.digital\/wp-content\/uploads\/2023\/01\/FOLLETO-C560.pdf\" target=\"_blank\" rel=\"noopener\"><img loading=\"lazy\" decoding=\"async\" class=\"size-full wp-image-2087 alignleft\" src=\"http:\/\/tcd.digital\/wp-content\/uploads\/2022\/08\/CARACTERISTICAS-ICON-WEB-TCD-1.png\" alt=\"\" width=\"100\" height=\"50\" \/><\/a><\/p>\n<p><a href=\"http:\/\/tcd.digital\/wp-content\/uploads\/2022\/08\/FOLLETO-C560.pdf\">FOLLETO C560<\/a><\/p>\n<p><img loading=\"lazy\" decoding=\"async\" class=\"aligncenter size-large wp-image-2804\" src=\"http:\/\/tcd.digital\/wp-content\/uploads\/2022\/08\/1-COT-C-560-AL-40-DE-95.5K-CONTADO-2-793x1024.jpg\" alt=\"\" width=\"793\" height=\"1024\" srcset=\"https:\/\/tcd.digital\/wp-content\/uploads\/2022\/08\/1-COT-C-560-AL-40-DE-95.5K-CONTADO-2-793x1024.jpg 793w, https:\/\/tcd.digital\/wp-content\/uploads\/2022\/08\/1-COT-C-560-AL-40-DE-95.5K-CONTADO-2-232x300.jpg 232w, https:\/\/tcd.digital\/wp-content\/uploads\/2022\/08\/1-COT-C-560-AL-40-DE-95.5K-CONTADO-2-768x992.jpg 768w, https:\/\/tcd.digital\/wp-content\/uploads\/2022\/08\/1-COT-C-560-AL-40-DE-95.5K-CONTADO-2-600x775.jpg 600w, https:\/\/tcd.digital\/wp-content\/uploads\/2022\/08\/1-COT-C-560-AL-40-DE-95.5K-CONTADO-2.jpg 851w\" sizes=\"auto, (max-width: 793px) 100vw, 793px\" \/><\/p>\n<figure id=\"attachment_2805\" aria-describedby=\"caption-attachment-2805\" style=\"width: 1024px\" class=\"wp-caption aligncenter\"><img loading=\"lazy\" decoding=\"async\" class=\"wp-image-2805 size-large\" src=\"http:\/\/tcd.digital\/wp-content\/uploads\/2022\/08\/TCO-XEROX-COLOR-560-e1673040203911-1024x702.jpg\" alt=\"\" width=\"1024\" height=\"702\" srcset=\"https:\/\/tcd.digital\/wp-content\/uploads\/2022\/08\/TCO-XEROX-COLOR-560-e1673040203911-1024x702.jpg 1024w, https:\/\/tcd.digital\/wp-content\/uploads\/2022\/08\/TCO-XEROX-COLOR-560-e1673040203911-300x206.jpg 300w, https:\/\/tcd.digital\/wp-content\/uploads\/2022\/08\/TCO-XEROX-COLOR-560-e1673040203911-768x526.jpg 768w, https:\/\/tcd.digital\/wp-content\/uploads\/2022\/08\/TCO-XEROX-COLOR-560-e1673040203911-1536x1053.jpg 1536w, https:\/\/tcd.digital\/wp-content\/uploads\/2022\/08\/TCO-XEROX-COLOR-560-e1673040203911-2048x1404.jpg 2048w, https:\/\/tcd.digital\/wp-content\/uploads\/2022\/08\/TCO-XEROX-COLOR-560-e1673040203911-1320x905.jpg 1320w, https:\/\/tcd.digital\/wp-content\/uploads\/2022\/08\/TCO-XEROX-COLOR-560-e1673040203911-600x411.jpg 600w\" sizes=\"auto, (max-width: 1024px) 100vw, 1024px\" \/><figcaption id=\"caption-attachment-2805\" class=\"wp-caption-text\">Precios a Enero 2023<\/figcaption><\/figure>\n<p>&nbsp;<\/p>\n","protected":false},"excerpt":{"rendered":"<p>La impresora color Xerox\u00ae Color 570\u00a0 proporciona diversidad de aplicaciones y calidad de imagen profesional, y es lo suficientemente flexible como para crecer junto con su negocio. Es una soluci\u00f3n integral que puede aumentar la producci\u00f3n de cualquier entorno de trabajo.<\/p>\n<p>Tipos de Papel:<\/p>\n<ul>\n<li>De 75 a 300 GR.<\/li>\n<li>Bond, Adhesivo, Acetato, Texturizados, Vinil Blanco, Vinil Transparente, Sulfatada 14pt, Secante, Entre Muchos Mas&#8230;.<\/li>\n<\/ul>\n<p>Conexion: Red y USB<\/p>\n<p>Tama\u00f1o Maximo 13*19 Pulgadas (Mega Tabloide)<\/p>\n","protected":false},"featured_media":2215,"template":"","meta":{"om_disable_all_campaigns":false,"_mi_skip_tracking":false,"site-sidebar-layout":"default","site-content-layout":"default","ast-global-header-display":"","ast-main-header-display":"","ast-hfb-above-header-display":"","ast-hfb-below-header-display":"","ast-hfb-mobile-header-display":"","site-post-title":"","ast-breadcrumbs-content":"","ast-featured-img":"","footer-sml-layout":"","theme-transparent-header-meta":"default","adv-header-id-meta":"","stick-header-meta":"","header-above-stick-meta":"","header-main-stick-meta":"","header-below-stick-meta":""},"product_cat":[103,101,96,95,116],"product_tag":[],"class_list":{"0":"post-2216","1":"product","2":"type-product","3":"status-publish","4":"has-post-thumbnail","6":"product_cat-alta-produccion","7":"product_cat-escaner","8":"product_cat-impresora","9":"product_cat-multifuncional","10":"product_cat-impresion-hasta-13x19","12":"first","13":"instock","14":"shipping-taxable","15":"purchasable","16":"product-type-simple"},"aioseo_notices":[],"_links":{"self":[{"href":"https:\/\/tcd.digital\/index.php?rest_route=\/wp\/v2\/product\/2216","targetHints":{"allow":["GET"]}}],"collection":[{"href":"https:\/\/tcd.digital\/index.php?rest_route=\/wp\/v2\/product"}],"about":[{"href":"https:\/\/tcd.digital\/index.php?rest_route=\/wp\/v2\/types\/product"}],"wp:featuredmedia":[{"embeddable":true,"href":"https:\/\/tcd.digital\/index.php?rest_route=\/wp\/v2\/media\/2215"}],"wp:attachment":[{"href":"https:\/\/tcd.digital\/index.php?rest_route=%2Fwp%2Fv2%2Fmedia&parent=2216"}],"wp:term":[{"taxonomy":"product_cat","embeddable":true,"href":"https:\/\/tcd.digital\/index.php?rest_route=%2Fwp%2Fv2%2Fproduct_cat&post=2216"},{"taxonomy":"product_tag","embeddable":true,"href":"https:\/\/tcd.digital\/index.php?rest_route=%2Fwp%2Fv2%2Fproduct_tag&post=2216"}],"curies":[{"name":"wp","href":"https:\/\/api.w.org\/{rel}","templated":true}]}}