{"id":2225,"date":"2023-01-01T00:00:49","date_gmt":"2023-01-01T00:00:49","guid":{"rendered":"https:\/\/tcd.digital\/?post_type=product&#038;p=2225"},"modified":"2023-01-10T22:57:36","modified_gmt":"2023-01-10T22:57:36","slug":"xerox-color-c60-financiamiento-36-pagos-enganche-60500","status":"publish","type":"product","link":"https:\/\/tcd.digital\/?product=xerox-color-c60-financiamiento-36-pagos-enganche-60500","title":{"rendered":"Xerox Color C60 Financiamiento a 36 pagos Enganche $60,500"},"content":{"rendered":"<p><span style=\"vertical-align: inherit;\"><span style=\"vertical-align: inherit;\">La impresora color Xerox\u00ae C60 proporciona diversidad de aplicaciones y calidad de imagen profesional, y es lo suficientemente flexible como para crecer junto con su negocio. <\/span><span style=\"vertical-align: inherit;\">Es una soluci\u00f3n integral que puede aumentar la producci\u00f3n de cualquier entorno de trabajo.<\/span><\/span><\/p>\n<p><span style=\"vertical-align: inherit;\"><span style=\"vertical-align: inherit;\">Tipos de papel:<\/span><\/span><\/p>\n<ul>\n<li><span style=\"vertical-align: inherit;\"><span style=\"vertical-align: inherit;\">De 75 a 300gr.<\/span><\/span><\/li>\n<li><span style=\"vertical-align: inherit;\"><span style=\"vertical-align: inherit;\">Bond, Adhesivo, Acetato, Texturizado, Vinil Blanco y Transparente, Sulfatada 14 pt. <\/span><span style=\"vertical-align: inherit;\">Autosecante entre muchos mas&#8230;<\/span><\/span><\/li>\n<\/ul>\n<p><span style=\"vertical-align: inherit;\"><span style=\"vertical-align: inherit;\">Conexi\u00f3n: Red y USB<\/span><\/span><\/p>\n<p><span style=\"vertical-align: inherit;\"><span style=\"vertical-align: inherit;\">Tama\u00f1o M\u00e1ximo de Impresi\u00f3n : 13*19 (Mega Tabloide)<\/span><\/span><\/p>\n<p><a href=\"http:\/\/tcd.digital\/wp-content\/uploads\/2022\/08\/FOLLETO.pdf\"><span style=\"vertical-align: inherit;\"><span style=\"vertical-align: inherit;\">FOLLETO C60<\/span><\/span><\/a><\/p>\n<p><img loading=\"lazy\" decoding=\"async\" class=\"aligncenter wp-image-2823 size-large\" src=\"http:\/\/tcd.digital\/wp-content\/uploads\/2022\/08\/COT-C60-CRED-36M-793x1024.jpg\" alt=\"\" width=\"793\" height=\"1024\" srcset=\"https:\/\/tcd.digital\/wp-content\/uploads\/2022\/08\/COT-C60-CRED-36M-793x1024.jpg 793w, https:\/\/tcd.digital\/wp-content\/uploads\/2022\/08\/COT-C60-CRED-36M-232x300.jpg 232w, https:\/\/tcd.digital\/wp-content\/uploads\/2022\/08\/COT-C60-CRED-36M-768x992.jpg 768w, https:\/\/tcd.digital\/wp-content\/uploads\/2022\/08\/COT-C60-CRED-36M-600x775.jpg 600w, https:\/\/tcd.digital\/wp-content\/uploads\/2022\/08\/COT-C60-CRED-36M.jpg 851w\" sizes=\"auto, (max-width: 793px) 100vw, 793px\" \/> <img loading=\"lazy\" decoding=\"async\" class=\"aligncenter size-large wp-image-2838\" src=\"http:\/\/tcd.digital\/wp-content\/uploads\/2023\/01\/TCO-XEROX-ORIGINAL-C70-COV-80-1024x724.jpg\" alt=\"\" width=\"1024\" height=\"724\" srcset=\"https:\/\/tcd.digital\/wp-content\/uploads\/2023\/01\/TCO-XEROX-ORIGINAL-C70-COV-80-1024x724.jpg 1024w, https:\/\/tcd.digital\/wp-content\/uploads\/2023\/01\/TCO-XEROX-ORIGINAL-C70-COV-80-300x212.jpg 300w, https:\/\/tcd.digital\/wp-content\/uploads\/2023\/01\/TCO-XEROX-ORIGINAL-C70-COV-80-768x543.jpg 768w, https:\/\/tcd.digital\/wp-content\/uploads\/2023\/01\/TCO-XEROX-ORIGINAL-C70-COV-80-1536x1086.jpg 1536w, https:\/\/tcd.digital\/wp-content\/uploads\/2023\/01\/TCO-XEROX-ORIGINAL-C70-COV-80-2048x1448.jpg 2048w, https:\/\/tcd.digital\/wp-content\/uploads\/2023\/01\/TCO-XEROX-ORIGINAL-C70-COV-80-1320x933.jpg 1320w, https:\/\/tcd.digital\/wp-content\/uploads\/2023\/01\/TCO-XEROX-ORIGINAL-C70-COV-80-600x424.jpg 600w\" sizes=\"auto, (max-width: 1024px) 100vw, 1024px\" \/> <img loading=\"lazy\" decoding=\"async\" class=\"aligncenter size-large wp-image-2837\" src=\"http:\/\/tcd.digital\/wp-content\/uploads\/2023\/01\/TCO-COMPATIBLE-C70-COV-80-1024x718.jpg\" alt=\"\" width=\"1024\" height=\"718\" srcset=\"https:\/\/tcd.digital\/wp-content\/uploads\/2023\/01\/TCO-COMPATIBLE-C70-COV-80-1024x718.jpg 1024w, https:\/\/tcd.digital\/wp-content\/uploads\/2023\/01\/TCO-COMPATIBLE-C70-COV-80-300x210.jpg 300w, https:\/\/tcd.digital\/wp-content\/uploads\/2023\/01\/TCO-COMPATIBLE-C70-COV-80-768x538.jpg 768w, https:\/\/tcd.digital\/wp-content\/uploads\/2023\/01\/TCO-COMPATIBLE-C70-COV-80-1536x1076.jpg 1536w, https:\/\/tcd.digital\/wp-content\/uploads\/2023\/01\/TCO-COMPATIBLE-C70-COV-80-2048x1435.jpg 2048w, https:\/\/tcd.digital\/wp-content\/uploads\/2023\/01\/TCO-COMPATIBLE-C70-COV-80-1320x925.jpg 1320w, https:\/\/tcd.digital\/wp-content\/uploads\/2023\/01\/TCO-COMPATIBLE-C70-COV-80-600x420.jpg 600w\" sizes=\"auto, (max-width: 1024px) 100vw, 1024px\" \/><\/p>\n<p>&nbsp;<\/p>\n","protected":false},"excerpt":{"rendered":"<p style=\"text-align: left;\"><span style=\"vertical-align: inherit;\"><span style=\"vertical-align: inherit;\">La impresora color Xerox\u00ae C60 proporciona diversidad de aplicaciones y calidad de imagen profesional, y es lo suficientemente flexible como para crecer junto con su negocio. <\/span><span style=\"vertical-align: inherit;\">Es una soluci\u00f3n integral que puede aumentar la producci\u00f3n de cualquier entorno de trabajo.<\/span><\/span><\/p>\n<p><span style=\"vertical-align: inherit;\"><span style=\"vertical-align: inherit;\">Velocidad hasta de 60\/70 ppm, y 65\/75 ppm a blanco y negro<\/span><\/span><\/p>\n<p><span style=\"vertical-align: inherit;\"><span style=\"vertical-align: inherit;\">Resoluci\u00f3n: 2400*2400 PPP (Puntos por Pulgadas reales)<\/span><\/span><\/p>\n<p><span style=\"vertical-align: inherit;\"><span style=\"vertical-align: inherit;\">Tama\u00f1os de impresi\u00f3n<\/span><\/span><\/p>\n<ul>\n<li><span style=\"vertical-align: inherit;\"><span style=\"vertical-align: inherit;\">Carta<\/span><\/span><\/li>\n<li><span style=\"vertical-align: inherit;\"><span style=\"vertical-align: inherit;\">Doble Carta<\/span><\/span><\/li>\n<li><span style=\"vertical-align: inherit;\"><span style=\"vertical-align: inherit;\">Oficio<\/span><\/span><\/li>\n<li><span style=\"vertical-align: inherit;\"><span style=\"vertical-align: inherit;\">11*17 (tabloide)<\/span><\/span><\/li>\n<li><span style=\"vertical-align: inherit;\"><span style=\"vertical-align: inherit;\">12*18 (tabloide adicional)<\/span><\/span><\/li>\n<li><span style=\"vertical-align: inherit;\"><span style=\"vertical-align: inherit;\">13*19 (Mega Tabloide)<\/span><\/span><\/li>\n<\/ul>\n<p>&nbsp;<\/p>\n","protected":false},"featured_media":2239,"template":"","meta":{"om_disable_all_campaigns":false,"_mi_skip_tracking":false,"site-sidebar-layout":"default","site-content-layout":"default","ast-global-header-display":"","ast-main-header-display":"","ast-hfb-above-header-display":"","ast-hfb-below-header-display":"","ast-hfb-mobile-header-display":"","site-post-title":"","ast-breadcrumbs-content":"","ast-featured-img":"","footer-sml-layout":"","theme-transparent-header-meta":"default","adv-header-id-meta":"","stick-header-meta":"","header-above-stick-meta":"","header-main-stick-meta":"","header-below-stick-meta":""},"product_cat":[103,101,96,95,116],"product_tag":[],"class_list":{"0":"post-2225","1":"product","2":"type-product","3":"status-publish","4":"has-post-thumbnail","6":"product_cat-alta-produccion","7":"product_cat-escaner","8":"product_cat-impresora","9":"product_cat-multifuncional","10":"product_cat-impresion-hasta-13x19","12":"first","13":"instock","14":"shipping-taxable","15":"purchasable","16":"product-type-simple"},"aioseo_notices":[],"_links":{"self":[{"href":"https:\/\/tcd.digital\/index.php?rest_route=\/wp\/v2\/product\/2225","targetHints":{"allow":["GET"]}}],"collection":[{"href":"https:\/\/tcd.digital\/index.php?rest_route=\/wp\/v2\/product"}],"about":[{"href":"https:\/\/tcd.digital\/index.php?rest_route=\/wp\/v2\/types\/product"}],"wp:featuredmedia":[{"embeddable":true,"href":"https:\/\/tcd.digital\/index.php?rest_route=\/wp\/v2\/media\/2239"}],"wp:attachment":[{"href":"https:\/\/tcd.digital\/index.php?rest_route=%2Fwp%2Fv2%2Fmedia&parent=2225"}],"wp:term":[{"taxonomy":"product_cat","embeddable":true,"href":"https:\/\/tcd.digital\/index.php?rest_route=%2Fwp%2Fv2%2Fproduct_cat&post=2225"},{"taxonomy":"product_tag","embeddable":true,"href":"https:\/\/tcd.digital\/index.php?rest_route=%2Fwp%2Fv2%2Fproduct_tag&post=2225"}],"curies":[{"name":"wp","href":"https:\/\/api.w.org\/{rel}","templated":true}]}}