{"id":2316,"date":"2023-01-01T00:00:27","date_gmt":"2023-01-01T00:00:27","guid":{"rendered":"https:\/\/tcd.digital\/?post_type=product&#038;p=2316"},"modified":"2023-02-17T00:02:22","modified_gmt":"2023-02-17T00:02:22","slug":"xerox-phaser-5550-arrendamiento","status":"publish","type":"product","link":"https:\/\/tcd.digital\/?product=xerox-phaser-5550-arrendamiento","title":{"rendered":"Xerox Phaser 5550 Arrendamiento"},"content":{"rendered":"<ul>\n<li>Velocidad hasta 50 ppm simple, 50 ipm duplex (Carta)<\/li>\n<li>Ciclo de Trabajo hasta 300,000 paginas al mes<\/li>\n<li>Impresion de Salida de la 1era Hoja en 6.5 segundos<\/li>\n<li>Resolucion 1200 x 1200 ppp<\/li>\n<li>Procesador 500 MHz<\/li>\n<li>Memoria 256 MB y 1 GB<\/li>\n<\/ul>\n<h4><img loading=\"lazy\" decoding=\"async\" class=\"aligncenter size-large wp-image-2883\" src=\"http:\/\/tcd.digital\/wp-content\/uploads\/2022\/08\/RENTA-PHASER-5550-1-793x1024.jpg\" alt=\"\" width=\"793\" height=\"1024\" srcset=\"https:\/\/tcd.digital\/wp-content\/uploads\/2022\/08\/RENTA-PHASER-5550-1-793x1024.jpg 793w, https:\/\/tcd.digital\/wp-content\/uploads\/2022\/08\/RENTA-PHASER-5550-1-232x300.jpg 232w, https:\/\/tcd.digital\/wp-content\/uploads\/2022\/08\/RENTA-PHASER-5550-1-768x992.jpg 768w, https:\/\/tcd.digital\/wp-content\/uploads\/2022\/08\/RENTA-PHASER-5550-1-600x775.jpg 600w, https:\/\/tcd.digital\/wp-content\/uploads\/2022\/08\/RENTA-PHASER-5550-1.jpg 851w\" sizes=\"auto, (max-width: 793px) 100vw, 793px\" \/><\/h4>\n<h4 style=\"text-align: center;\"><a href=\"http:\/\/tcd.digital\/wp-content\/uploads\/2022\/08\/FOLLETO-5550.pdf\" target=\"_blank\" rel=\"noopener\">FOLLETO 5550<\/a><\/h4>\n<p>&nbsp;<\/p>\n<p>&nbsp;<\/p>\n","protected":false},"excerpt":{"rendered":"<p>Obtenga velocidad gracias a la Phaser 5550: la impresora l\u00e1ser para tama\u00f1o tabloide que ofrece la m\u00e1s avanzada combinaci\u00f3n de alto desempe\u00f1o e impresionante calidad de impresi\u00f3n.<\/p>\n<ul>\n<li>Velocidad hasta 50 ppm simple, 50 ipm duplex (Carta)<\/li>\n<li>Ciclo de Trabajo hasta 300,000 paginas al mes<\/li>\n<li>Impresion de Salida de la 1era Hoja en 6.5 segundos<\/li>\n<li>Resolucion 1200 x 1200 ppp<\/li>\n<li>Procesador 500 MHz<\/li>\n<li>Memoria 256 MB y 1 GB<\/li>\n<\/ul>\n","protected":false},"featured_media":2320,"template":"","meta":{"om_disable_all_campaigns":false,"_mi_skip_tracking":false,"site-sidebar-layout":"default","site-content-layout":"default","ast-global-header-display":"","ast-main-header-display":"","ast-hfb-above-header-display":"","ast-hfb-below-header-display":"","ast-hfb-mobile-header-display":"","site-post-title":"","ast-breadcrumbs-content":"","ast-featured-img":"","footer-sml-layout":"","theme-transparent-header-meta":"default","adv-header-id-meta":"","stick-header-meta":"","header-above-stick-meta":"","header-main-stick-meta":"","header-below-stick-meta":""},"product_cat":[100,96,121],"product_tag":[],"class_list":{"0":"post-2316","1":"product","2":"type-product","3":"status-publish","4":"has-post-thumbnail","6":"product_cat-blanco-y-negro","7":"product_cat-impresora","8":"product_cat-tamano-hasta-11x17-tabloide","10":"first","11":"instock","12":"shipping-taxable","13":"product-type-simple"},"aioseo_notices":[],"_links":{"self":[{"href":"https:\/\/tcd.digital\/index.php?rest_route=\/wp\/v2\/product\/2316","targetHints":{"allow":["GET"]}}],"collection":[{"href":"https:\/\/tcd.digital\/index.php?rest_route=\/wp\/v2\/product"}],"about":[{"href":"https:\/\/tcd.digital\/index.php?rest_route=\/wp\/v2\/types\/product"}],"wp:featuredmedia":[{"embeddable":true,"href":"https:\/\/tcd.digital\/index.php?rest_route=\/wp\/v2\/media\/2320"}],"wp:attachment":[{"href":"https:\/\/tcd.digital\/index.php?rest_route=%2Fwp%2Fv2%2Fmedia&parent=2316"}],"wp:term":[{"taxonomy":"product_cat","embeddable":true,"href":"https:\/\/tcd.digital\/index.php?rest_route=%2Fwp%2Fv2%2Fproduct_cat&post=2316"},{"taxonomy":"product_tag","embeddable":true,"href":"https:\/\/tcd.digital\/index.php?rest_route=%2Fwp%2Fv2%2Fproduct_tag&post=2316"}],"curies":[{"name":"wp","href":"https:\/\/api.w.org\/{rel}","templated":true}]}}