{"id":2333,"date":"2023-01-01T00:00:18","date_gmt":"2023-01-01T00:00:18","guid":{"rendered":"https:\/\/tcd.digital\/?post_type=product&#038;p=2333"},"modified":"2023-01-11T04:06:42","modified_gmt":"2023-01-11T04:06:42","slug":"xerox-workcentre-7775-arrendamiento","status":"publish","type":"product","link":"https:\/\/tcd.digital\/?product=xerox-workcentre-7775-arrendamiento","title":{"rendered":"Xerox Workcentre 7775 Arrendamiento"},"content":{"rendered":"<h6><span style=\"vertical-align: inherit;\"><span style=\"vertical-align: inherit;\">El equipo multifuncional con la impresi\u00f3n de la primera p\u00e1gina, copia tan r\u00e1pida como 5,5 segundos blanco y negro \/ 8,9 segundos color.<\/span><\/span><\/h6>\n<div class=\"xrx_row_details_module xrx_row_details_table row\">\n<div class=\"row row-eq-height xrx_i8_even\">\n<div class=\"col-md-3 col-sm-3 col-xs-12\"><span style=\"vertical-align: inherit;\"><span style=\"vertical-align: inherit;\">Una resoluci\u00f3n m\u00e1xima de 2400 x 2400 ppp<\/span><\/span><\/div>\n<\/div>\n<\/div>\n<div class=\"xrx_row_details_module xrx_row_details_table row\">\n<div class=\"row row-eq-height xrx_i8_odd\">\n<div class=\"col-md-3 col-sm-3 col-xs-12\"><span style=\"vertical-align: inherit;\"><span style=\"vertical-align: inherit;\">Funciones de copiado, impresi\u00f3n y escaneo.<\/span><\/span><\/div>\n<div><span style=\"vertical-align: inherit;\"><span style=\"vertical-align: inherit;\">Velocidad de 50 ppm por color, 75 ppm por color<\/span><\/span><\/div>\n<div class=\"col-md-9 col-sm-9 col-xs-12\"><span style=\"vertical-align: inherit;\"><span style=\"vertical-align: inherit;\">Anotaci\u00f3n, Selecci\u00f3n de color autom\u00e1tica, Reducci\u00f3n y ampliaci\u00f3n autom\u00e1tica, Selecci\u00f3n autom\u00e1tica de bandeja, Cambio autom\u00e1tico de bandeja, Troquelado, Copia de libros, Creaci\u00f3n de folletos, Creaci\u00f3n de trabajos, Cubiertas, Originales de varios tama\u00f1os, Insertos, Invertir imagen, Cola de Trabajos, Originales de diversos tama\u00f1os.<\/span><\/span><\/div>\n<\/div>\n<\/div>\n<p><img loading=\"lazy\" decoding=\"async\" class=\"aligncenter size-large wp-image-2895\" src=\"http:\/\/tcd.digital\/wp-content\/uploads\/2022\/08\/RENTA-WC-7775-1-793x1024.jpg\" alt=\"\" width=\"793\" height=\"1024\" srcset=\"https:\/\/tcd.digital\/wp-content\/uploads\/2022\/08\/RENTA-WC-7775-1-793x1024.jpg 793w, https:\/\/tcd.digital\/wp-content\/uploads\/2022\/08\/RENTA-WC-7775-1-232x300.jpg 232w, https:\/\/tcd.digital\/wp-content\/uploads\/2022\/08\/RENTA-WC-7775-1-768x992.jpg 768w, https:\/\/tcd.digital\/wp-content\/uploads\/2022\/08\/RENTA-WC-7775-1-600x775.jpg 600w, https:\/\/tcd.digital\/wp-content\/uploads\/2022\/08\/RENTA-WC-7775-1.jpg 851w\" sizes=\"auto, (max-width: 793px) 100vw, 793px\" \/><\/p>\n<h4 style=\"text-align: center;\"><a href=\"http:\/\/tcd.digital\/wp-content\/uploads\/2022\/08\/FOLLETO-WC-7775.pdf\" target=\"_blank\" rel=\"noopener\"><span style=\"vertical-align: inherit;\"><span style=\"vertical-align: inherit;\">FOLLETO WC 7775<\/span><\/span><\/a><\/h4>\n<p>&nbsp;<\/p>\n<p>&nbsp;<\/p>\n<p>&nbsp;<\/p>\n<p>&nbsp;<\/p>\n<p>&nbsp;<\/p>\n<p>&nbsp;<\/p>\n<div><\/div>\n","protected":false},"excerpt":{"rendered":"<p><span style=\"vertical-align: inherit;\"><span style=\"vertical-align: inherit;\">Impresora multifunci\u00f3n a color excepcionalmente eficaz. <\/span><span style=\"vertical-align: inherit;\">Muy segura. <\/span><span style=\"vertical-align: inherit;\">Extremadamente sencilla. <\/span><span style=\"vertical-align: inherit;\">50 ppm por color, 75 ppm por noche.<\/span><\/span><\/p>\n<p><span style=\"vertical-align: inherit;\"><span style=\"vertical-align: inherit;\">Velocidad: 50 ppm Color \/ 75 ppm B&amp;N<\/span><\/span><\/p>\n<p><span style=\"vertical-align: inherit;\"><span style=\"vertical-align: inherit;\">Tipos de Papeles<\/span><\/span><\/p>\n<ul>\n<li><span style=\"vertical-align: inherit;\"><span style=\"vertical-align: inherit;\">de 75 a 300gr.<\/span><\/span><\/li>\n<li><span style=\"vertical-align: inherit;\"><span style=\"vertical-align: inherit;\">Bond, Adhesivo, Acetato, Texturizados, Vinil Blanco, Vinil Transparente, Sulfatada 14 pt. <\/span><span style=\"vertical-align: inherit;\">Autosecante y muchos mas..<\/span><\/span><\/li>\n<\/ul>\n<p><span style=\"vertical-align: inherit;\"><span style=\"vertical-align: inherit;\">Conexi\u00f3n: Rojo<\/span><\/span><\/p>\n<p><span style=\"vertical-align: inherit;\"><span style=\"vertical-align: inherit;\">Tama\u00f1o M\u00e1ximo: 13*19 Pulgadas (Mega Tabloide)<\/span><\/span><\/p>\n","protected":false},"featured_media":2147,"template":"","meta":{"om_disable_all_campaigns":false,"_mi_skip_tracking":false,"site-sidebar-layout":"default","site-content-layout":"default","ast-global-header-display":"","ast-main-header-display":"","ast-hfb-above-header-display":"","ast-hfb-below-header-display":"","ast-hfb-mobile-header-display":"","site-post-title":"","ast-breadcrumbs-content":"","ast-featured-img":"","footer-sml-layout":"","theme-transparent-header-meta":"default","adv-header-id-meta":"","stick-header-meta":"","header-above-stick-meta":"","header-main-stick-meta":"","header-below-stick-meta":""},"product_cat":[104,101,96,95,116],"product_tag":[],"class_list":{"0":"post-2333","1":"product","2":"type-product","3":"status-publish","4":"has-post-thumbnail","6":"product_cat-color-volumen-medio","7":"product_cat-escaner","8":"product_cat-impresora","9":"product_cat-multifuncional","10":"product_cat-impresion-hasta-13x19","12":"first","13":"instock","14":"shipping-taxable","15":"product-type-simple"},"aioseo_notices":[],"_links":{"self":[{"href":"https:\/\/tcd.digital\/index.php?rest_route=\/wp\/v2\/product\/2333","targetHints":{"allow":["GET"]}}],"collection":[{"href":"https:\/\/tcd.digital\/index.php?rest_route=\/wp\/v2\/product"}],"about":[{"href":"https:\/\/tcd.digital\/index.php?rest_route=\/wp\/v2\/types\/product"}],"wp:featuredmedia":[{"embeddable":true,"href":"https:\/\/tcd.digital\/index.php?rest_route=\/wp\/v2\/media\/2147"}],"wp:attachment":[{"href":"https:\/\/tcd.digital\/index.php?rest_route=%2Fwp%2Fv2%2Fmedia&parent=2333"}],"wp:term":[{"taxonomy":"product_cat","embeddable":true,"href":"https:\/\/tcd.digital\/index.php?rest_route=%2Fwp%2Fv2%2Fproduct_cat&post=2333"},{"taxonomy":"product_tag","embeddable":true,"href":"https:\/\/tcd.digital\/index.php?rest_route=%2Fwp%2Fv2%2Fproduct_tag&post=2333"}],"curies":[{"name":"wp","href":"https:\/\/api.w.org\/{rel}","templated":true}]}}