{"id":2906,"date":"2023-01-01T00:00:31","date_gmt":"2023-01-01T00:00:31","guid":{"rendered":"https:\/\/tcd.digital\/?post_type=product&#038;p=2906"},"modified":"2024-03-20T16:28:06","modified_gmt":"2024-03-20T16:28:06","slug":"multifuncional-versalink-b605-arrendamiento","status":"publish","type":"product","link":"https:\/\/tcd.digital\/?product=multifuncional-versalink-b605-arrendamiento","title":{"rendered":"Multifuncional Versalink B605 Arrendamiento"},"content":{"rendered":"<div class=\"xrx-fw-product-hero__stylised-specs\">\n<div class=\"xrx-fw-stylised-spec\">\n<div class=\"xrx-fw-product-hero__headings\">\n<div>\n<h1>VersaLink<sup>\u00ae<\/sup> B605<\/h1>\n<h4>Asistente de trabajo inteligente con tecnolog\u00eda Xerox<sup>\u00ae<\/sup>\u00a0ConnectKey<sup>\u00ae<\/sup>\u00a0incorporada<\/h4>\n<\/div>\n<\/div>\n<div class=\"xrx-fw-product-hero__blurb\">\n<ul class=\"xrx-fw-product-hero__bullets\">\n<li>Impresora multifuncional en blanco y negro compatible con tama\u00f1os Carta \/ A4 \/ Legal<\/li>\n<li>Ideal para grupos de trabajo de 8 a 15 o de 12 a 20 usuarios<\/li>\n<li>Interfaz de usuario mediante pantalla t\u00e1ctil capacitiva de 7&#8243; con caracter\u00edsticas de navegaci\u00f3n tipo tablet y personalizaci\u00f3n total<\/li>\n<li>Resoluci\u00f3n de impresi\u00f3n de hasta 1200 x 1200 ppp<\/li>\n<\/ul>\n<\/div>\n<\/div>\n<\/div>\n<div class=\"xrx-fw-product-hero__blurb\">\n<p><img loading=\"lazy\" decoding=\"async\" class=\"aligncenter wp-image-2920 size-large\" src=\"http:\/\/tcd.digital\/wp-content\/uploads\/2023\/01\/RENTA-B-605-793x1024.jpg\" alt=\"\" width=\"793\" height=\"1024\" srcset=\"https:\/\/tcd.digital\/wp-content\/uploads\/2023\/01\/RENTA-B-605-793x1024.jpg 793w, https:\/\/tcd.digital\/wp-content\/uploads\/2023\/01\/RENTA-B-605-232x300.jpg 232w, https:\/\/tcd.digital\/wp-content\/uploads\/2023\/01\/RENTA-B-605-768x992.jpg 768w, https:\/\/tcd.digital\/wp-content\/uploads\/2023\/01\/RENTA-B-605-600x775.jpg 600w, https:\/\/tcd.digital\/wp-content\/uploads\/2023\/01\/RENTA-B-605.jpg 851w\" sizes=\"auto, (max-width: 793px) 100vw, 793px\" \/><\/p>\n<\/div>\n<h4 style=\"text-align: center;\"><a href=\"http:\/\/tcd.digital\/wp-content\/uploads\/2023\/01\/VERSALINK-B605.pdf\" target=\"_blank\" rel=\"noopener\">FOLLETO<\/a><\/h4>\n<p>&nbsp;<\/p>\n<p>&nbsp;<\/p>\n","protected":false},"excerpt":{"rendered":"<p><strong><span id=\"page2297R_mcid1\" class=\"markedContent\">Equipo Multifuncional Color<span dir=\"ltr\" role=\"presentation\"> Xerox<\/span><span dir=\"ltr\" role=\"presentation\">\u00ae<\/span> De la familia <span dir=\"ltr\" role=\"presentation\">AltaLink<\/span><span dir=\"ltr\" role=\"presentation\">\u00ae<\/span><\/span><span id=\"page2297R_mcid2\" class=\"markedContent\"><\/span><span id=\"page2297R_mcid4\" class=\"markedContent\"> <span dir=\"ltr\" role=\"presentation\">C8035\/C8045\/C8055\/C8070<\/span><\/span><\/strong><\/p>\n<p>Velocidad 35 ppm B&amp;N\u00a0 y Color<\/p>\n<p>Duplex con Doble Cabezal<\/p>\n<p>Tipos de Papel:<\/p>\n<ul>\n<li>De 75 a 216 GR.<\/li>\n<li>Bond, Adhesivo, Acetato, Couche, Vinil Blanco, Vinil Transparente entre muchos mas.<\/li>\n<\/ul>\n<p>Tama\u00f1os de impresion<\/p>\n<ul>\n<li>\u00a0Carta \/ A4 \/ Legal<\/li>\n<\/ul>\n","protected":false},"featured_media":2904,"template":"","meta":{"om_disable_all_campaigns":false,"_mi_skip_tracking":false,"site-sidebar-layout":"default","site-content-layout":"default","ast-global-header-display":"","ast-main-header-display":"","ast-hfb-above-header-display":"","ast-hfb-below-header-display":"","ast-hfb-mobile-header-display":"","site-post-title":"","ast-breadcrumbs-content":"","ast-featured-img":"","footer-sml-layout":"","theme-transparent-header-meta":"default","adv-header-id-meta":"","stick-header-meta":"","header-above-stick-meta":"","header-main-stick-meta":"","header-below-stick-meta":""},"product_cat":[126,104,101,96,95,102],"product_tag":[],"class_list":{"0":"post-2906","1":"product","2":"type-product","3":"status-publish","4":"has-post-thumbnail","6":"product_cat-arrendamiento","7":"product_cat-color-volumen-medio","8":"product_cat-escaner","9":"product_cat-impresora","10":"product_cat-multifuncional","11":"product_cat-impresion-hasta-12-519","13":"first","14":"instock","15":"shipping-taxable","16":"product-type-simple"},"aioseo_notices":[],"_links":{"self":[{"href":"https:\/\/tcd.digital\/index.php?rest_route=\/wp\/v2\/product\/2906","targetHints":{"allow":["GET"]}}],"collection":[{"href":"https:\/\/tcd.digital\/index.php?rest_route=\/wp\/v2\/product"}],"about":[{"href":"https:\/\/tcd.digital\/index.php?rest_route=\/wp\/v2\/types\/product"}],"wp:featuredmedia":[{"embeddable":true,"href":"https:\/\/tcd.digital\/index.php?rest_route=\/wp\/v2\/media\/2904"}],"wp:attachment":[{"href":"https:\/\/tcd.digital\/index.php?rest_route=%2Fwp%2Fv2%2Fmedia&parent=2906"}],"wp:term":[{"taxonomy":"product_cat","embeddable":true,"href":"https:\/\/tcd.digital\/index.php?rest_route=%2Fwp%2Fv2%2Fproduct_cat&post=2906"},{"taxonomy":"product_tag","embeddable":true,"href":"https:\/\/tcd.digital\/index.php?rest_route=%2Fwp%2Fv2%2Fproduct_tag&post=2906"}],"curies":[{"name":"wp","href":"https:\/\/api.w.org\/{rel}","templated":true}]}}