{"id":2915,"date":"2023-01-01T00:00:03","date_gmt":"2023-01-01T00:00:03","guid":{"rendered":"https:\/\/tcd.digital\/?post_type=product&#038;p=2915"},"modified":"2024-03-20T16:30:54","modified_gmt":"2024-03-20T16:30:54","slug":"multifuncional-versalink-b405-arrendamiento","status":"publish","type":"product","link":"https:\/\/tcd.digital\/?product=multifuncional-versalink-b405-arrendamiento","title":{"rendered":"Multifuncional Versalink B405 Arrendamiento"},"content":{"rendered":"<div class=\"xrx-fw-product-hero__stylised-specs\">\n<div class=\"xrx-fw-stylised-spec\">\n<div class=\"xrx-fw-product-hero__headings\">\n<div class=\"xrx-fw-product-hero__headings\">\n<div>\n<h1>VersaLink<sup>\u00ae<\/sup>\u00a0B405<\/h1>\n<h4>Asistente de trabajo inteligente con tecnolog\u00eda Xerox<sup>\u00ae<\/sup>\u00a0ConnectKey<sup>\u00ae<\/sup>\u00a0incorporada<\/h4>\n<\/div>\n<\/div>\n<div class=\"xrx-fw-product-hero__blurb\">\n<ul class=\"xrx-fw-product-hero__bullets\">\n<li>MFP blanco y negro compatible con Carta \/ A4 \/ Legal<\/li>\n<li>Copia, impresi\u00f3n, escaneo, env\u00edo de fax, correo electr\u00f3nico, Cloud<\/li>\n<li>Ideal para equipos de trabajo de 3 a 15 usuarios<\/li>\n<li>Productividad multifunci\u00f3n incomparable, con una calidad de impresi\u00f3n incre\u00edble<\/li>\n<li>Dise\u00f1o peque\u00f1o para rendir en grande en el coraz\u00f3n de su empresa<\/li>\n<\/ul>\n<\/div>\n<\/div>\n<\/div>\n<\/div>\n<div class=\"xrx-fw-product-hero__blurb\">\n<p><img loading=\"lazy\" decoding=\"async\" class=\"aligncenter wp-image-2916 size-large\" src=\"http:\/\/tcd.digital\/wp-content\/uploads\/2023\/01\/RENTA-B-405-793x1024.jpg\" alt=\"\" width=\"793\" height=\"1024\" srcset=\"https:\/\/tcd.digital\/wp-content\/uploads\/2023\/01\/RENTA-B-405-793x1024.jpg 793w, https:\/\/tcd.digital\/wp-content\/uploads\/2023\/01\/RENTA-B-405-232x300.jpg 232w, https:\/\/tcd.digital\/wp-content\/uploads\/2023\/01\/RENTA-B-405-768x992.jpg 768w, https:\/\/tcd.digital\/wp-content\/uploads\/2023\/01\/RENTA-B-405-600x775.jpg 600w, https:\/\/tcd.digital\/wp-content\/uploads\/2023\/01\/RENTA-B-405.jpg 851w\" sizes=\"auto, (max-width: 793px) 100vw, 793px\" \/><\/p>\n<\/div>\n<h4 style=\"text-align: center;\"><a href=\"http:\/\/tcd.digital\/wp-content\/uploads\/2023\/01\/VERSALINK-B405.pdf\" target=\"_blank\" rel=\"noopener\">FOLLETO<\/a><\/h4>\n<p>&nbsp;<\/p>\n<p>&nbsp;<\/p>\n","protected":false},"excerpt":{"rendered":"<p><strong><span id=\"page2297R_mcid1\" class=\"markedContent\">Equipo Multifuncional Color<span dir=\"ltr\" role=\"presentation\"> Xerox<\/span><span dir=\"ltr\" role=\"presentation\">\u00ae<\/span> De la familia <span dir=\"ltr\" role=\"presentation\">AltaLink<\/span><span dir=\"ltr\" role=\"presentation\">\u00ae<\/span><\/span><span id=\"page2297R_mcid2\" class=\"markedContent\"><\/span><span id=\"page2297R_mcid4\" class=\"markedContent\"> <span dir=\"ltr\" role=\"presentation\">C8035\/C8045\/C8055\/C8070<\/span><\/span><\/strong><\/p>\n<div class=\"xrx-fw-product-hero__headings\">\n<div>\n<h4>Asistente de trabajo inteligente con tecnolog\u00eda Xerox<sup>\u00ae<\/sup>\u00a0ConnectKey<sup>\u00ae<\/sup>\u00a0incorporada<\/h4>\n<\/div>\n<\/div>\n<div class=\"xrx-fw-product-hero__blurb\">\n<ul class=\"xrx-fw-product-hero__bullets\">\n<li>MFP blanco y negro compatible con Carta \/ A4 \/ Legal<\/li>\n<li>Copia, impresi\u00f3n, escaneo, env\u00edo de fax, correo electr\u00f3nico, Cloud<\/li>\n<li>Ideal para equipos de trabajo de 3 a 15 usuarios<\/li>\n<li>Productividad multifunci\u00f3n incomparable, con una calidad de impresi\u00f3n incre\u00edble<\/li>\n<li>Dise\u00f1o peque\u00f1o para rendir en grande en el coraz\u00f3n de su empresa<\/li>\n<\/ul>\n<\/div>\n","protected":false},"featured_media":2903,"template":"","meta":{"om_disable_all_campaigns":false,"_mi_skip_tracking":false,"site-sidebar-layout":"default","site-content-layout":"default","ast-global-header-display":"","ast-main-header-display":"","ast-hfb-above-header-display":"","ast-hfb-below-header-display":"","ast-hfb-mobile-header-display":"","site-post-title":"","ast-breadcrumbs-content":"","ast-featured-img":"","footer-sml-layout":"","theme-transparent-header-meta":"default","adv-header-id-meta":"","stick-header-meta":"","header-above-stick-meta":"","header-main-stick-meta":"","header-below-stick-meta":""},"product_cat":[126,104,101,96,95,102],"product_tag":[],"class_list":{"0":"post-2915","1":"product","2":"type-product","3":"status-publish","4":"has-post-thumbnail","6":"product_cat-arrendamiento","7":"product_cat-color-volumen-medio","8":"product_cat-escaner","9":"product_cat-impresora","10":"product_cat-multifuncional","11":"product_cat-impresion-hasta-12-519","13":"first","14":"instock","15":"shipping-taxable","16":"product-type-simple"},"aioseo_notices":[],"_links":{"self":[{"href":"https:\/\/tcd.digital\/index.php?rest_route=\/wp\/v2\/product\/2915","targetHints":{"allow":["GET"]}}],"collection":[{"href":"https:\/\/tcd.digital\/index.php?rest_route=\/wp\/v2\/product"}],"about":[{"href":"https:\/\/tcd.digital\/index.php?rest_route=\/wp\/v2\/types\/product"}],"wp:featuredmedia":[{"embeddable":true,"href":"https:\/\/tcd.digital\/index.php?rest_route=\/wp\/v2\/media\/2903"}],"wp:attachment":[{"href":"https:\/\/tcd.digital\/index.php?rest_route=%2Fwp%2Fv2%2Fmedia&parent=2915"}],"wp:term":[{"taxonomy":"product_cat","embeddable":true,"href":"https:\/\/tcd.digital\/index.php?rest_route=%2Fwp%2Fv2%2Fproduct_cat&post=2915"},{"taxonomy":"product_tag","embeddable":true,"href":"https:\/\/tcd.digital\/index.php?rest_route=%2Fwp%2Fv2%2Fproduct_tag&post=2915"}],"curies":[{"name":"wp","href":"https:\/\/api.w.org\/{rel}","templated":true}]}}